{"id":20639,"date":"2025-09-16T11:52:24","date_gmt":"2025-09-16T09:52:24","guid":{"rendered":"https:\/\/filmfest-frauenwelten.de\/2025-10-29_en\/"},"modified":"2025-09-19T16:15:23","modified_gmt":"2025-09-19T14:15:23","slug":"2025-10-29_en","status":"publish","type":"page","link":"https:\/\/filmfest-frauenwelten.de\/en\/2025-10-29_en\/","title":{"rendered":"2025-10-29_en"},"content":{"rendered":"\t\t<div data-elementor-type=\"wp-page\" data-elementor-id=\"20639\" class=\"elementor elementor-20639 elementor-20629\" data-elementor-post-type=\"page\">\n\t\t\t\t\t\t<section class=\"elementor-section elementor-top-section elementor-element elementor-element-75dc44d elementor-section-boxed elementor-section-height-default elementor-section-height-default\" data-id=\"75dc44d\" data-element_type=\"section\" data-settings=\"{&quot;background_background&quot;:&quot;classic&quot;}\">\n\t\t\t\t\t\t<div class=\"elementor-container elementor-column-gap-default\">\n\t\t\t\t\t<div class=\"elementor-column elementor-col-100 elementor-top-column elementor-element elementor-element-f6d4e74\" data-id=\"f6d4e74\" data-element_type=\"column\">\n\t\t\t<div class=\"elementor-widget-wrap elementor-element-populated\">\n\t\t\t\t\t\t<div class=\"elementor-element elementor-element-f0b9259 elementor-widget elementor-widget-spacer\" data-id=\"f0b9259\" data-element_type=\"widget\" data-widget_type=\"spacer.default\">\n\t\t\t\t<div class=\"elementor-widget-container\">\n\t\t\t\t\t\t\t<div class=\"elementor-spacer\">\n\t\t\t<div class=\"elementor-spacer-inner\"><\/div>\n\t\t<\/div>\n\t\t\t\t\t\t<\/div>\n\t\t\t\t<\/div>\n\t\t\t\t\t<\/div>\n\t\t<\/div>\n\t\t\t\t\t<\/div>\n\t\t<\/section>\n\t\t\t\t<section class=\"elementor-section elementor-top-section elementor-element elementor-element-a344bca elementor-section-content-top elementor-section-boxed elementor-section-height-default elementor-section-height-default\" data-id=\"a344bca\" data-element_type=\"section\">\n\t\t\t\t\t\t<div class=\"elementor-container elementor-column-gap-narrow\">\n\t\t\t\t\t<div class=\"elementor-column elementor-col-100 elementor-top-column elementor-element elementor-element-e43b025\" data-id=\"e43b025\" data-element_type=\"column\">\n\t\t\t<div class=\"elementor-widget-wrap elementor-element-populated\">\n\t\t\t\t\t\t<div class=\"elementor-element elementor-element-f0a9fb2 elementor-widget__width-inherit elementor-widget elementor-widget-heading\" data-id=\"f0a9fb2\" data-element_type=\"widget\" data-widget_type=\"heading.default\">\n\t\t\t\t<div class=\"elementor-widget-container\">\n\t\t\t\t\t<h6 class=\"elementor-heading-title elementor-size-default\"><a href=\"https:\/\/filmfest-frauenwelten.de\/en\/program\/\">Program<\/a><\/h6>\t\t\t\t<\/div>\n\t\t\t\t<\/div>\n\t\t\t\t\t<\/div>\n\t\t<\/div>\n\t\t\t\t\t<\/div>\n\t\t<\/section>\n\t\t\t\t<section class=\"elementor-section elementor-top-section elementor-element elementor-element-a0c3c6a elementor-section-boxed elementor-section-height-default elementor-section-height-default\" data-id=\"a0c3c6a\" data-element_type=\"section\">\n\t\t\t\t\t\t<div class=\"elementor-container elementor-column-gap-narrow\">\n\t\t\t\t\t<div class=\"elementor-column elementor-col-12 elementor-top-column elementor-element elementor-element-f170458\" data-id=\"f170458\" data-element_type=\"column\">\n\t\t\t<div class=\"elementor-widget-wrap elementor-element-populated\">\n\t\t\t\t\t\t<div class=\"elementor-element elementor-element-20a2451 elementor-widget elementor-widget-image\" data-id=\"20a2451\" data-element_type=\"widget\" data-widget_type=\"image.default\">\n\t\t\t\t<div class=\"elementor-widget-container\">\n\t\t\t\t\t\t\t\t\t\t\t\t\t\t\t\t<a href=\"https:\/\/filmfest-frauenwelten.de\/en\/2025-10-29_en\/\">\n\t\t\t\t\t\t\t<img decoding=\"async\" width=\"150\" height=\"150\" src=\"https:\/\/filmfest-frauenwelten.de\/wp-content\/uploads\/2025\/09\/p_engl_251029-150x150.png\" class=\"elementor-animation-rotate attachment-thumbnail size-thumbnail wp-image-19593\" alt=\"\" srcset=\"https:\/\/filmfest-frauenwelten.de\/wp-content\/uploads\/2025\/09\/p_engl_251029-150x150.png 150w, https:\/\/filmfest-frauenwelten.de\/wp-content\/uploads\/2025\/09\/p_engl_251029-300x300.png 300w, https:\/\/filmfest-frauenwelten.de\/wp-content\/uploads\/2025\/09\/p_engl_251029-600x600.png 600w, https:\/\/filmfest-frauenwelten.de\/wp-content\/uploads\/2025\/09\/p_engl_251029.png 625w\" sizes=\"(max-width: 150px) 100vw, 150px\" \/>\t\t\t\t\t\t\t\t<\/a>\n\t\t\t\t\t\t\t\t\t\t\t\t\t\t\t<\/div>\n\t\t\t\t<\/div>\n\t\t\t\t\t<\/div>\n\t\t<\/div>\n\t\t\t\t<div class=\"elementor-column elementor-col-12 elementor-top-column elementor-element elementor-element-6da7add\" data-id=\"6da7add\" data-element_type=\"column\">\n\t\t\t<div class=\"elementor-widget-wrap elementor-element-populated\">\n\t\t\t\t\t\t<div class=\"elementor-element elementor-element-df6578e elementor-widget elementor-widget-image\" data-id=\"df6578e\" data-element_type=\"widget\" data-widget_type=\"image.default\">\n\t\t\t\t<div class=\"elementor-widget-container\">\n\t\t\t\t\t\t\t\t\t\t\t\t\t\t\t\t<a href=\"https:\/\/filmfest-frauenwelten.de\/en\/2025-10-30_en-2\/\">\n\t\t\t\t\t\t\t<img decoding=\"async\" width=\"150\" height=\"150\" src=\"https:\/\/filmfest-frauenwelten.de\/wp-content\/uploads\/2025\/09\/engl_251030-150x150.png\" class=\"elementor-animation-rotate attachment-thumbnail size-thumbnail wp-image-19581\" alt=\"\" srcset=\"https:\/\/filmfest-frauenwelten.de\/wp-content\/uploads\/2025\/09\/engl_251030-150x150.png 150w, https:\/\/filmfest-frauenwelten.de\/wp-content\/uploads\/2025\/09\/engl_251030-300x300.png 300w, https:\/\/filmfest-frauenwelten.de\/wp-content\/uploads\/2025\/09\/engl_251030-600x600.png 600w, https:\/\/filmfest-frauenwelten.de\/wp-content\/uploads\/2025\/09\/engl_251030.png 625w\" sizes=\"(max-width: 150px) 100vw, 150px\" \/>\t\t\t\t\t\t\t\t<\/a>\n\t\t\t\t\t\t\t\t\t\t\t\t\t\t\t<\/div>\n\t\t\t\t<\/div>\n\t\t\t\t\t<\/div>\n\t\t<\/div>\n\t\t\t\t<div class=\"elementor-column elementor-col-12 elementor-top-column elementor-element elementor-element-857708b\" data-id=\"857708b\" data-element_type=\"column\">\n\t\t\t<div class=\"elementor-widget-wrap elementor-element-populated\">\n\t\t\t\t\t\t<div class=\"elementor-element elementor-element-2ea1d4d elementor-widget elementor-widget-image\" data-id=\"2ea1d4d\" data-element_type=\"widget\" data-widget_type=\"image.default\">\n\t\t\t\t<div class=\"elementor-widget-container\">\n\t\t\t\t\t\t\t\t\t\t\t\t\t\t\t\t<a href=\"https:\/\/filmfest-frauenwelten.de\/en\/2025-10-31_en-2\/\">\n\t\t\t\t\t\t\t<img decoding=\"async\" width=\"150\" height=\"150\" src=\"https:\/\/filmfest-frauenwelten.de\/wp-content\/uploads\/2025\/09\/engl_251031-150x150.png\" class=\"elementor-animation-rotate attachment-thumbnail size-thumbnail wp-image-19583\" alt=\"\" srcset=\"https:\/\/filmfest-frauenwelten.de\/wp-content\/uploads\/2025\/09\/engl_251031-150x150.png 150w, https:\/\/filmfest-frauenwelten.de\/wp-content\/uploads\/2025\/09\/engl_251031-300x300.png 300w, https:\/\/filmfest-frauenwelten.de\/wp-content\/uploads\/2025\/09\/engl_251031-600x600.png 600w, https:\/\/filmfest-frauenwelten.de\/wp-content\/uploads\/2025\/09\/engl_251031.png 625w\" sizes=\"(max-width: 150px) 100vw, 150px\" \/>\t\t\t\t\t\t\t\t<\/a>\n\t\t\t\t\t\t\t\t\t\t\t\t\t\t\t<\/div>\n\t\t\t\t<\/div>\n\t\t\t\t\t<\/div>\n\t\t<\/div>\n\t\t\t\t<div class=\"elementor-column elementor-col-12 elementor-top-column elementor-element elementor-element-07e38cd\" data-id=\"07e38cd\" data-element_type=\"column\">\n\t\t\t<div class=\"elementor-widget-wrap elementor-element-populated\">\n\t\t\t\t\t\t<div class=\"elementor-element elementor-element-8ef56d6 elementor-widget elementor-widget-image\" data-id=\"8ef56d6\" data-element_type=\"widget\" data-widget_type=\"image.default\">\n\t\t\t\t<div class=\"elementor-widget-container\">\n\t\t\t\t\t\t\t\t\t\t\t\t\t\t\t\t<a href=\"https:\/\/filmfest-frauenwelten.de\/en\/2025-11-01_en\/\">\n\t\t\t\t\t\t\t<img loading=\"lazy\" decoding=\"async\" width=\"150\" height=\"150\" src=\"https:\/\/filmfest-frauenwelten.de\/wp-content\/uploads\/2025\/09\/engl_251101-150x150.png\" class=\"elementor-animation-rotate attachment-thumbnail size-thumbnail wp-image-19585\" alt=\"\" srcset=\"https:\/\/filmfest-frauenwelten.de\/wp-content\/uploads\/2025\/09\/engl_251101-150x150.png 150w, https:\/\/filmfest-frauenwelten.de\/wp-content\/uploads\/2025\/09\/engl_251101-300x300.png 300w, https:\/\/filmfest-frauenwelten.de\/wp-content\/uploads\/2025\/09\/engl_251101-600x600.png 600w, https:\/\/filmfest-frauenwelten.de\/wp-content\/uploads\/2025\/09\/engl_251101.png 625w\" sizes=\"(max-width: 150px) 100vw, 150px\" \/>\t\t\t\t\t\t\t\t<\/a>\n\t\t\t\t\t\t\t\t\t\t\t\t\t\t\t<\/div>\n\t\t\t\t<\/div>\n\t\t\t\t\t<\/div>\n\t\t<\/div>\n\t\t\t\t<div class=\"elementor-column elementor-col-12 elementor-top-column elementor-element elementor-element-39a98fe\" data-id=\"39a98fe\" data-element_type=\"column\">\n\t\t\t<div class=\"elementor-widget-wrap elementor-element-populated\">\n\t\t\t\t\t\t<div class=\"elementor-element elementor-element-577e052 elementor-widget elementor-widget-image\" data-id=\"577e052\" data-element_type=\"widget\" data-widget_type=\"image.default\">\n\t\t\t\t<div class=\"elementor-widget-container\">\n\t\t\t\t\t\t\t\t\t\t\t\t\t\t\t\t<a href=\"https:\/\/filmfest-frauenwelten.de\/en\/2025-11-02_en\/\">\n\t\t\t\t\t\t\t<img loading=\"lazy\" decoding=\"async\" width=\"150\" height=\"150\" src=\"https:\/\/filmfest-frauenwelten.de\/wp-content\/uploads\/2025\/07\/251102-150x150.png\" class=\"elementor-animation-rotate attachment-thumbnail size-thumbnail wp-image-17737\" alt=\"\" srcset=\"https:\/\/filmfest-frauenwelten.de\/wp-content\/uploads\/2025\/07\/251102-150x150.png 150w, https:\/\/filmfest-frauenwelten.de\/wp-content\/uploads\/2025\/07\/251102-300x300.png 300w, https:\/\/filmfest-frauenwelten.de\/wp-content\/uploads\/2025\/07\/251102-600x600.png 600w, https:\/\/filmfest-frauenwelten.de\/wp-content\/uploads\/2025\/07\/251102.png 625w\" sizes=\"(max-width: 150px) 100vw, 150px\" \/>\t\t\t\t\t\t\t\t<\/a>\n\t\t\t\t\t\t\t\t\t\t\t\t\t\t\t<\/div>\n\t\t\t\t<\/div>\n\t\t\t\t\t<\/div>\n\t\t<\/div>\n\t\t\t\t<div class=\"elementor-column elementor-col-12 elementor-top-column elementor-element elementor-element-d22946f\" data-id=\"d22946f\" data-element_type=\"column\">\n\t\t\t<div class=\"elementor-widget-wrap elementor-element-populated\">\n\t\t\t\t\t\t<div class=\"elementor-element elementor-element-07d5918 elementor-widget elementor-widget-image\" data-id=\"07d5918\" data-element_type=\"widget\" data-widget_type=\"image.default\">\n\t\t\t\t<div class=\"elementor-widget-container\">\n\t\t\t\t\t\t\t\t\t\t\t\t\t\t\t\t<a href=\"https:\/\/filmfest-frauenwelten.de\/en\/2025-11-03_en\/\">\n\t\t\t\t\t\t\t<img loading=\"lazy\" decoding=\"async\" width=\"150\" height=\"150\" src=\"https:\/\/filmfest-frauenwelten.de\/wp-content\/uploads\/2025\/07\/251103-150x150.png\" class=\"elementor-animation-rotate attachment-thumbnail size-thumbnail wp-image-17741\" alt=\"\" srcset=\"https:\/\/filmfest-frauenwelten.de\/wp-content\/uploads\/2025\/07\/251103-150x150.png 150w, https:\/\/filmfest-frauenwelten.de\/wp-content\/uploads\/2025\/07\/251103-300x300.png 300w, https:\/\/filmfest-frauenwelten.de\/wp-content\/uploads\/2025\/07\/251103-600x600.png 600w, https:\/\/filmfest-frauenwelten.de\/wp-content\/uploads\/2025\/07\/251103.png 625w\" sizes=\"(max-width: 150px) 100vw, 150px\" \/>\t\t\t\t\t\t\t\t<\/a>\n\t\t\t\t\t\t\t\t\t\t\t\t\t\t\t<\/div>\n\t\t\t\t<\/div>\n\t\t\t\t\t<\/div>\n\t\t<\/div>\n\t\t\t\t<div class=\"elementor-column elementor-col-12 elementor-top-column elementor-element elementor-element-b81b313\" data-id=\"b81b313\" data-element_type=\"column\">\n\t\t\t<div class=\"elementor-widget-wrap elementor-element-populated\">\n\t\t\t\t\t\t<div class=\"elementor-element elementor-element-5819582 elementor-widget elementor-widget-image\" data-id=\"5819582\" data-element_type=\"widget\" data-widget_type=\"image.default\">\n\t\t\t\t<div class=\"elementor-widget-container\">\n\t\t\t\t\t\t\t\t\t\t\t\t\t\t\t\t<a href=\"https:\/\/filmfest-frauenwelten.de\/en\/2025-11-04_en-2\/\">\n\t\t\t\t\t\t\t<img loading=\"lazy\" decoding=\"async\" width=\"150\" height=\"150\" src=\"https:\/\/filmfest-frauenwelten.de\/wp-content\/uploads\/2025\/07\/251104-150x150.png\" class=\"elementor-animation-rotate attachment-thumbnail size-thumbnail wp-image-17743\" alt=\"\" srcset=\"https:\/\/filmfest-frauenwelten.de\/wp-content\/uploads\/2025\/07\/251104-150x150.png 150w, https:\/\/filmfest-frauenwelten.de\/wp-content\/uploads\/2025\/07\/251104-300x300.png 300w, https:\/\/filmfest-frauenwelten.de\/wp-content\/uploads\/2025\/07\/251104-600x600.png 600w, https:\/\/filmfest-frauenwelten.de\/wp-content\/uploads\/2025\/07\/251104.png 625w\" sizes=\"(max-width: 150px) 100vw, 150px\" \/>\t\t\t\t\t\t\t\t<\/a>\n\t\t\t\t\t\t\t\t\t\t\t\t\t\t\t<\/div>\n\t\t\t\t<\/div>\n\t\t\t\t\t<\/div>\n\t\t<\/div>\n\t\t\t\t<div class=\"elementor-column elementor-col-12 elementor-top-column elementor-element elementor-element-7a441c1\" data-id=\"7a441c1\" data-element_type=\"column\">\n\t\t\t<div class=\"elementor-widget-wrap elementor-element-populated\">\n\t\t\t\t\t\t<div class=\"elementor-element elementor-element-5973390 elementor-widget elementor-widget-image\" data-id=\"5973390\" data-element_type=\"widget\" data-widget_type=\"image.default\">\n\t\t\t\t<div class=\"elementor-widget-container\">\n\t\t\t\t\t\t\t\t\t\t\t\t\t\t\t\t<a href=\"https:\/\/filmfest-frauenwelten.de\/?page_id=18813\">\n\t\t\t\t\t\t\t<img loading=\"lazy\" decoding=\"async\" width=\"150\" height=\"150\" src=\"https:\/\/filmfest-frauenwelten.de\/wp-content\/uploads\/2025\/09\/spielplan2-4-150x150.png\" class=\"attachment-thumbnail size-thumbnail wp-image-19648\" alt=\"\" srcset=\"https:\/\/filmfest-frauenwelten.de\/wp-content\/uploads\/2025\/09\/spielplan2-4-150x150.png 150w, https:\/\/filmfest-frauenwelten.de\/wp-content\/uploads\/2025\/09\/spielplan2-4-300x300.png 300w, https:\/\/filmfest-frauenwelten.de\/wp-content\/uploads\/2025\/09\/spielplan2-4-600x600.png 600w, https:\/\/filmfest-frauenwelten.de\/wp-content\/uploads\/2025\/09\/spielplan2-4.png 625w\" sizes=\"(max-width: 150px) 100vw, 150px\" \/>\t\t\t\t\t\t\t\t<\/a>\n\t\t\t\t\t\t\t\t\t\t\t\t\t\t\t<\/div>\n\t\t\t\t<\/div>\n\t\t\t\t\t<\/div>\n\t\t<\/div>\n\t\t\t\t\t<\/div>\n\t\t<\/section>\n\t\t\t\t<section class=\"elementor-section elementor-top-section elementor-element elementor-element-cf6c8d4 elementor-section-boxed elementor-section-height-default elementor-section-height-default\" data-id=\"cf6c8d4\" data-element_type=\"section\">\n\t\t\t\t\t\t<div class=\"elementor-container elementor-column-gap-default\">\n\t\t\t\t\t<div class=\"elementor-column elementor-col-100 elementor-top-column elementor-element elementor-element-4d6ec29\" data-id=\"4d6ec29\" data-element_type=\"column\">\n\t\t\t<div class=\"elementor-widget-wrap elementor-element-populated\">\n\t\t\t\t\t\t<div class=\"elementor-element elementor-element-866da3f elementor-widget elementor-widget-oew-blog-grid\" data-id=\"866da3f\" data-element_type=\"widget\" data-widget_type=\"oew-blog-grid.default\">\n\t\t\t\t<div class=\"elementor-widget-container\">\n\t\t\t\t\t\n\t\t\t<div class=\"oew-blog-grid clr match-height-grid\" data-desktop-columns=3  >\n\n\t\t\t\t\n\t\t\t\t\t\t<article id=\"post-18084\" class=\"oew-grid-entry clr post-18084 post type-post status-publish format-video has-post-thumbnail hentry category-04-nov-2025-en category-29-okt-2025-en category-film2025-en tag-spielfilm-en post_format-post-format-video entry has-media\">\n\n\t\t\t\t\t\t\t\n\t\t\t\t\t\t\t\t<div class=\"oew-grid-inner clr\">\n\n\t\t\t\t\t\t\t\t\t\n\t\t\t\t\t\t\t\t\t\t<div class=\"blog-entry-media thumbnail clr\">\n\n\t\t\t\t\t\t\t\t\t\t\t<div class=\"blog-entry-video\">\n\n\t\t\t\t\t\t\t\t\t\t\t\t<div class=\"responsive-video-wrap\"><iframe title=\"THE BEST MOTHER IN THE WORLD | Trailer | 25. Filmfest FrauenWelten 2025\" width=\"1200\" height=\"675\" src=\"https:\/\/www.youtube.com\/embed\/0PsyGk0oEQ8?feature=oembed\" frameborder=\"0\" allow=\"accelerometer; autoplay; clipboard-write; encrypted-media; gyroscope; picture-in-picture; web-share\" referrerpolicy=\"strict-origin-when-cross-origin\" allowfullscreen><\/iframe><\/div>\n\t\t\t\t\t\t\t\t\t\t\t<\/div><!-- .blog-entry-video -->\n\n\t\t\t\t\t\t\t\t\t\t<\/div><!-- .blog-entry-media -->\n\n\t\t\t\t\t\t\t\t\t\t\n\t\t\t\t\t\t\t\t\t\n\t\t\t\t\t\t\t\t\t\t<div class=\"oew-grid-details match-height-content clr\">\n\n\t\t\t\t\t\t\t\t\t\t\t\n\t\t\t\t\t\t\t\t\t\t\t\t<h2 class=\"oew-grid-title entry-title\">\n\t\t\t\t\t\t\t\t\t\t\t\t\t<a href=\"https:\/\/filmfest-frauenwelten.de\/en\/2025\/09\/12\/the-best-mother-in-the-world\/\" title=\"THE BEST MOTHER IN THE WORLD\">THE BEST MOTHER IN THE WORLD<\/a>\n\t\t\t\t\t\t\t\t\t\t\t\t<\/h2>\n\n\t\t\t\t\t\t\t\t\t\t\t\n\t\t\t\t\t\t\t\t\t\t\t\n\t\t\t\t\t\t\t\t\t\t\t\t<div class=\"oew-grid-excerpt clr\">\n\t\t\t\t\t\t\t\t\t\t\t\t\tGal, a garbage picker in S\u00e3o Paulo, flees with her children from her abusive partner. A powerful feminist road movie about survival and breaking free from violence.\t\t\t\t\t\t\t\t\t\t\t\t<\/div>\n\n\t\t\t\t\t\t\t\t\t\t\t\n\t\t\t\t\t\t\t\t\t\t<\/div><!-- .oew-grid-details -->\n\n\t\t\t\t\t\t\t\t\t\n\t\t\t\t\t\t\t\t\t\n\t\t\t\t\t\t\t\t<\/div>\n\n\t\t\t\t\t\t\t\n\t\t\t\t\t\t<\/article>\n\n\t\t\t\t\t\n\t\t\t\t\t\n\t\t\t\t\t\t<article id=\"post-18240\" class=\"oew-grid-entry clr post-18240 post type-post status-publish format-gallery has-post-thumbnail hentry category-01-nov-2025-en category-02-nov-2025-en category-03-nov-2025-en category-04-nov-2025-en category-23-okt-2025-en category-29-okt-2025-en category-30-okt-2025-en category-31-okt-2025-en category-supporting-program-2025 tag-gast-rahmenprogramm-en post_format-post-format-gallery entry has-media\">\n\n\t\t\t\t\t\t\t\n\t\t\t\t\t\t\t\t<div class=\"oew-grid-inner clr\">\n\n\t\t\t\t\t\t\t\t\t\n\t\t\t\t\t\t\t\t\t\t<div class=\"oew-grid-media clr\">\n\n\t\t\t\t\t\t\t\t\t\t\t<a href=\"https:\/\/filmfest-frauenwelten.de\/en\/2025\/09\/12\/anniversary-exhibition\/\" title=\"Anniversary exhibition\" class=\"oew-grid-img\">\n\n\t\t\t\t\t\t\t\t\t\t\t\t<img loading=\"lazy\" decoding=\"async\" width=\"768\" height=\"511\" src=\"https:\/\/filmfest-frauenwelten.de\/wp-content\/uploads\/2025\/09\/Jubilaumsausstellung-768x511.png\" class=\"attachment-medium_large size-medium_large wp-post-image\" alt=\"Anniversary exhibition\" itemprop=\"image\" srcset=\"https:\/\/filmfest-frauenwelten.de\/wp-content\/uploads\/2025\/09\/Jubilaumsausstellung-768x511.png 768w, https:\/\/filmfest-frauenwelten.de\/wp-content\/uploads\/2025\/09\/Jubilaumsausstellung-300x200.png 300w, https:\/\/filmfest-frauenwelten.de\/wp-content\/uploads\/2025\/09\/Jubilaumsausstellung.png 800w\" sizes=\"(max-width: 768px) 100vw, 768px\" \/>\n\t\t\t\t\t\t\t\t\t\t\t\t<span class=\"overlay\">\n\t\t\t\t\t\t\t\t\t\t\t\t\t\t\t\t\t\t\t\t\t\t\t\t\t\t\t<span class=\"overlay-btn\">\n\t\t\t\t\t\t\t\t\t\t\t\t\t\t\tLearn More\t\t\t\t\t\t\t\t\t\t\t\t\t\t<\/span>\n\t\t\t\t\t\t\t\t\t\t\t\t\t\t\t\t\t\t\t\t\t\t\t\t\t<\/span>\n\n\t\t\t\t\t\t\t\t\t\t\t<\/a>\n\n\t\t\t\t\t\t\t\t\t\t\t\n\t\t\t\t\t\t\t\t\t\t<\/div><!-- .oew-grid-media -->\n\n\t\t\t\t\t\t\t\t\t\n\t\t\t\t\t\t\t\t\t\n\t\t\t\t\t\t\t\t\t\t<div class=\"oew-grid-details match-height-content clr\">\n\n\t\t\t\t\t\t\t\t\t\t\t\n\t\t\t\t\t\t\t\t\t\t\t\t<h2 class=\"oew-grid-title entry-title\">\n\t\t\t\t\t\t\t\t\t\t\t\t\t<a href=\"https:\/\/filmfest-frauenwelten.de\/en\/2025\/09\/12\/anniversary-exhibition\/\" title=\"Anniversary exhibition\">Anniversary exhibition<\/a>\n\t\t\t\t\t\t\t\t\t\t\t\t<\/h2>\n\n\t\t\t\t\t\t\t\t\t\t\t\n\t\t\t\t\t\t\t\t\t\t\t\n\t\t\t\t\t\t\t\t\t\t\t\t<div class=\"oew-grid-excerpt clr\">\n\t\t\t\t\t\t\t\t\t\t\t\t\tLooking back on 25 years of festival history Posters, films and themes, photos\u201425 years of&hellip;\t\t\t\t\t\t\t\t\t\t\t\t<\/div>\n\n\t\t\t\t\t\t\t\t\t\t\t\n\t\t\t\t\t\t\t\t\t\t<\/div><!-- .oew-grid-details -->\n\n\t\t\t\t\t\t\t\t\t\n\t\t\t\t\t\t\t\t\t\n\t\t\t\t\t\t\t\t<\/div>\n\n\t\t\t\t\t\t\t\n\t\t\t\t\t\t<\/article>\n\n\t\t\t\t\t\n\t\t\t\t\t\n\t\t\t<\/div><!-- .oew-blog-grid -->\n\n\t\t\t\n\t\t\t\n\t\t\t\t\t\t<\/div>\n\t\t\t\t<\/div>\n\t\t\t\t\t<\/div>\n\t\t<\/div>\n\t\t\t\t\t<\/div>\n\t\t<\/section>\n\t\t\t\t<\/div>\n\t\t","protected":false},"excerpt":{"rendered":"<p>Program THE BEST MOTHER IN THE WORLD M\u00fcllsammlerin Gal hat genug von ihrem gewaltt\u00e4tigen Partner. Sie packt ihre Kinder auf die M\u00fcllkarre und flieht zu ihrer Cousine. Was Gal als Abenteuer vorspielt, wird zu einem t\u00e4glichen \u00dcberlebenskampf in den Stra\u00dfen S\u00e3o Paulos. Ein kraftvolles feministisches Roadmovie \u00fcber den Ausbruch aus Gewalt, getragen von einer beeindruckenden [&hellip;]<\/p>\n","protected":false},"author":2,"featured_media":0,"parent":0,"menu_order":0,"comment_status":"closed","ping_status":"closed","template":"","meta":{"ocean_post_layout":"full-screen","ocean_both_sidebars_style":"","ocean_both_sidebars_content_width":0,"ocean_both_sidebars_sidebars_width":0,"ocean_sidebar":"0","ocean_second_sidebar":"0","ocean_disable_margins":"on","ocean_add_body_class":"","ocean_shortcode_before_top_bar":"","ocean_shortcode_after_top_bar":"","ocean_shortcode_before_header":"","ocean_shortcode_after_header":"","ocean_has_shortcode":"","ocean_shortcode_after_title":"","ocean_shortcode_before_footer_widgets":"","ocean_shortcode_after_footer_widgets":"","ocean_shortcode_before_footer_bottom":"","ocean_shortcode_after_footer_bottom":"","ocean_display_top_bar":"default","ocean_display_header":"default","ocean_header_style":"","ocean_center_header_left_menu":"0","ocean_custom_header_template":"0","ocean_custom_logo":0,"ocean_custom_retina_logo":0,"ocean_custom_logo_max_width":0,"ocean_custom_logo_tablet_max_width":0,"ocean_custom_logo_mobile_max_width":0,"ocean_custom_logo_max_height":0,"ocean_custom_logo_tablet_max_height":0,"ocean_custom_logo_mobile_max_height":0,"ocean_header_custom_menu":"0","ocean_menu_typo_font_family":"0","ocean_menu_typo_font_subset":"","ocean_menu_typo_font_size":0,"ocean_menu_typo_font_size_tablet":0,"ocean_menu_typo_font_size_mobile":0,"ocean_menu_typo_font_size_unit":"px","ocean_menu_typo_font_weight":"","ocean_menu_typo_font_weight_tablet":"","ocean_menu_typo_font_weight_mobile":"","ocean_menu_typo_transform":"","ocean_menu_typo_transform_tablet":"","ocean_menu_typo_transform_mobile":"","ocean_menu_typo_line_height":0,"ocean_menu_typo_line_height_tablet":0,"ocean_menu_typo_line_height_mobile":0,"ocean_menu_typo_line_height_unit":"","ocean_menu_typo_spacing":0,"ocean_menu_typo_spacing_tablet":0,"ocean_menu_typo_spacing_mobile":0,"ocean_menu_typo_spacing_unit":"","ocean_menu_link_color":"","ocean_menu_link_color_hover":"","ocean_menu_link_color_active":"","ocean_menu_link_background":"","ocean_menu_link_hover_background":"","ocean_menu_link_active_background":"","ocean_menu_social_links_bg":"","ocean_menu_social_hover_links_bg":"","ocean_menu_social_links_color":"","ocean_menu_social_hover_links_color":"","ocean_disable_title":"on","ocean_disable_heading":"default","ocean_post_title":"","ocean_post_subheading":"","ocean_post_title_style":"","ocean_post_title_background_color":"","ocean_post_title_background":0,"ocean_post_title_bg_image_position":"","ocean_post_title_bg_image_attachment":"","ocean_post_title_bg_image_repeat":"","ocean_post_title_bg_image_size":"","ocean_post_title_height":0,"ocean_post_title_bg_overlay":0.5,"ocean_post_title_bg_overlay_color":"","ocean_disable_breadcrumbs":"default","ocean_breadcrumbs_color":"","ocean_breadcrumbs_separator_color":"","ocean_breadcrumbs_links_color":"","ocean_breadcrumbs_links_hover_color":"","ocean_display_footer_widgets":"default","ocean_display_footer_bottom":"default","ocean_custom_footer_template":"0","osh_disable_topbar_sticky":"default","osh_disable_header_sticky":"default","osh_sticky_header_style":"default","osh_sticky_header_effect":"","osh_custom_sticky_logo":0,"osh_custom_retina_sticky_logo":0,"osh_custom_sticky_logo_height":0,"osh_background_color":"","osh_links_color":"","osh_links_hover_color":"","osh_links_active_color":"","osh_links_bg_color":"","osh_links_hover_bg_color":"","osh_links_active_bg_color":"","osh_menu_social_links_color":"","osh_menu_social_hover_links_color":"","footnotes":""},"class_list":["post-20639","page","type-page","status-publish","hentry","entry","has-media"],"_links":{"self":[{"href":"https:\/\/filmfest-frauenwelten.de\/en\/wp-json\/wp\/v2\/pages\/20639","targetHints":{"allow":["GET"]}}],"collection":[{"href":"https:\/\/filmfest-frauenwelten.de\/en\/wp-json\/wp\/v2\/pages"}],"about":[{"href":"https:\/\/filmfest-frauenwelten.de\/en\/wp-json\/wp\/v2\/types\/page"}],"author":[{"embeddable":true,"href":"https:\/\/filmfest-frauenwelten.de\/en\/wp-json\/wp\/v2\/users\/2"}],"replies":[{"embeddable":true,"href":"https:\/\/filmfest-frauenwelten.de\/en\/wp-json\/wp\/v2\/comments?post=20639"}],"version-history":[{"count":27,"href":"https:\/\/filmfest-frauenwelten.de\/en\/wp-json\/wp\/v2\/pages\/20639\/revisions"}],"predecessor-version":[{"id":21725,"href":"https:\/\/filmfest-frauenwelten.de\/en\/wp-json\/wp\/v2\/pages\/20639\/revisions\/21725"}],"wp:attachment":[{"href":"https:\/\/filmfest-frauenwelten.de\/en\/wp-json\/wp\/v2\/media?parent=20639"}],"curies":[{"name":"wp","href":"https:\/\/api.w.org\/{rel}","templated":true}]}}